{"id":73,"date":"2021-12-03T11:40:49","date_gmt":"2021-12-02T22:40:49","guid":{"rendered":"https:\/\/rivulisdev.tracta.co.nz\/?page_id=73"},"modified":"2022-03-15T21:07:40","modified_gmt":"2022-03-15T08:07:40","slug":"contactez-nous","status":"publish","type":"page","link":"https:\/\/fr.rivulis.com\/turn-key\/contactez-nous\/","title":{"rendered":"Contactez-nous"},"content":{"rendered":"","protected":false},"excerpt":{"rendered":"","protected":false},"author":1,"featured_media":0,"parent":0,"menu_order":4,"comment_status":"closed","ping_status":"closed","template":"pg-microsite-contact.php","meta":{"_acf_changed":false},"class_list":["post-73","page","type-page","status-publish","hentry"],"acf":[],"yoast_head":"<!-- This site is optimized with the Yoast SEO plugin v25.5 - https:\/\/yoast.com\/wordpress\/plugins\/seo\/ -->\n<title>Rivulis : du cl\u00e9 en main d\u00e9passant vos attentes<\/title>\n<meta name=\"description\" content=\"Contactez Rivulis avec vos besoins pour une solution compl\u00e8te &quot;cl\u00e9 en main&quot;. Un repr\u00e9sentant Rivulis prendra contact avec vous pour en discuter\" \/>\n<meta name=\"robots\" content=\"index, follow, max-snippet:-1, max-image-preview:large, max-video-preview:-1\" \/>\n<link rel=\"canonical\" href=\"https:\/\/fr.rivulis.com\/turn-key\/contactez-nous\/\" \/>\n<meta property=\"og:locale\" content=\"en_US\" \/>\n<meta property=\"og:type\" content=\"article\" \/>\n<meta property=\"og:title\" content=\"Rivulis : du cl\u00e9 en main d\u00e9passant vos attentes\" \/>\n<meta property=\"og:description\" content=\"Contactez Rivulis avec vos besoins pour une solution compl\u00e8te &quot;cl\u00e9 en main&quot;. Un repr\u00e9sentant Rivulis prendra contact avec vous pour en discuter\" \/>\n<meta property=\"og:url\" content=\"https:\/\/fr.rivulis.com\/turn-key\/contactez-nous\/\" \/>\n<meta property=\"og:site_name\" content=\"Rivulis Irrigation Systems\" \/>\n<meta property=\"article:publisher\" content=\"https:\/\/www.facebook.com\/RivulisDripIrrigation\" \/>\n<meta property=\"article:modified_time\" content=\"2022-03-15T08:07:40+00:00\" \/>\n<meta name=\"twitter:card\" content=\"summary_large_image\" \/>\n<script type=\"application\/ld+json\" class=\"yoast-schema-graph\">{\"@context\":\"https:\/\/schema.org\",\"@graph\":[{\"@type\":\"WebPage\",\"@id\":\"https:\/\/fr.rivulis.com\/turn-key\/contactez-nous\/\",\"url\":\"https:\/\/fr.rivulis.com\/turn-key\/contactez-nous\/\",\"name\":\"Rivulis : du cl\u00e9 en main d\u00e9passant vos attentes\",\"isPartOf\":{\"@id\":\"https:\/\/fr.rivulis.com\/turn-key\/#website\"},\"datePublished\":\"2021-12-02T22:40:49+00:00\",\"dateModified\":\"2022-03-15T08:07:40+00:00\",\"description\":\"Contactez Rivulis avec vos besoins pour une solution compl\u00e8te \\\"cl\u00e9 en main\\\". Un repr\u00e9sentant Rivulis prendra contact avec vous pour en discuter\",\"breadcrumb\":{\"@id\":\"https:\/\/fr.rivulis.com\/turn-key\/contactez-nous\/#breadcrumb\"},\"inLanguage\":\"en-US\",\"potentialAction\":[{\"@type\":\"ReadAction\",\"target\":[\"https:\/\/fr.rivulis.com\/turn-key\/contactez-nous\/\"]}]},{\"@type\":\"BreadcrumbList\",\"@id\":\"https:\/\/fr.rivulis.com\/turn-key\/contactez-nous\/#breadcrumb\",\"itemListElement\":[{\"@type\":\"ListItem\",\"position\":1,\"name\":\"Home\",\"item\":\"https:\/\/fr.rivulis.com\/turn-key\/\"},{\"@type\":\"ListItem\",\"position\":2,\"name\":\"Contactez-nous\"}]},{\"@type\":\"WebSite\",\"@id\":\"https:\/\/fr.rivulis.com\/turn-key\/#website\",\"url\":\"https:\/\/fr.rivulis.com\/turn-key\/\",\"name\":\"Rivulis Irrigation Systems\",\"description\":\"The complete solution\",\"publisher\":{\"@id\":\"https:\/\/fr.rivulis.com\/turn-key\/#organization\"},\"potentialAction\":[{\"@type\":\"SearchAction\",\"target\":{\"@type\":\"EntryPoint\",\"urlTemplate\":\"https:\/\/fr.rivulis.com\/turn-key\/?s={search_term_string}\"},\"query-input\":{\"@type\":\"PropertyValueSpecification\",\"valueRequired\":true,\"valueName\":\"search_term_string\"}}],\"inLanguage\":\"en-US\"},{\"@type\":\"Organization\",\"@id\":\"https:\/\/fr.rivulis.com\/turn-key\/#organization\",\"name\":\"Rivulis Irrigation Systems\",\"url\":\"https:\/\/fr.rivulis.com\/turn-key\/\",\"logo\":{\"@type\":\"ImageObject\",\"inLanguage\":\"en-US\",\"@id\":\"https:\/\/fr.rivulis.com\/turn-key\/#\/schema\/logo\/image\/\",\"url\":\"https:\/\/fr.rivulis.com\/turn-key\/\/wp-content\/uploads\/2022\/02\/logo.png\",\"contentUrl\":\"https:\/\/fr.rivulis.com\/turn-key\/\/wp-content\/uploads\/2022\/02\/logo.png\",\"width\":220,\"height\":44,\"caption\":\"Rivulis Irrigation Systems\"},\"image\":{\"@id\":\"https:\/\/fr.rivulis.com\/turn-key\/#\/schema\/logo\/image\/\"},\"sameAs\":[\"https:\/\/www.facebook.com\/RivulisDripIrrigation\",\"https:\/\/www.instagram.com\/rivulis.irrigation\/\",\"https:\/\/www.linkedin.com\/company\/rivulis\/\",\"https:\/\/www.youtube.com\/channel\/UCNbDMgwEdCkoxUucCW7P0GQ\"]}]}<\/script>\n<!-- \/ Yoast SEO plugin. -->","yoast_head_json":{"title":"Rivulis : du cl\u00e9 en main d\u00e9passant vos attentes","description":"Contactez Rivulis avec vos besoins pour une solution compl\u00e8te \"cl\u00e9 en main\". Un repr\u00e9sentant Rivulis prendra contact avec vous pour en discuter","robots":{"index":"index","follow":"follow","max-snippet":"max-snippet:-1","max-image-preview":"max-image-preview:large","max-video-preview":"max-video-preview:-1"},"canonical":"https:\/\/fr.rivulis.com\/turn-key\/contactez-nous\/","og_locale":"en_US","og_type":"article","og_title":"Rivulis : du cl\u00e9 en main d\u00e9passant vos attentes","og_description":"Contactez Rivulis avec vos besoins pour une solution compl\u00e8te \"cl\u00e9 en main\". Un repr\u00e9sentant Rivulis prendra contact avec vous pour en discuter","og_url":"https:\/\/fr.rivulis.com\/turn-key\/contactez-nous\/","og_site_name":"Rivulis Irrigation Systems","article_publisher":"https:\/\/www.facebook.com\/RivulisDripIrrigation","article_modified_time":"2022-03-15T08:07:40+00:00","twitter_card":"summary_large_image","schema":{"@context":"https:\/\/schema.org","@graph":[{"@type":"WebPage","@id":"https:\/\/fr.rivulis.com\/turn-key\/contactez-nous\/","url":"https:\/\/fr.rivulis.com\/turn-key\/contactez-nous\/","name":"Rivulis : du cl\u00e9 en main d\u00e9passant vos attentes","isPartOf":{"@id":"https:\/\/fr.rivulis.com\/turn-key\/#website"},"datePublished":"2021-12-02T22:40:49+00:00","dateModified":"2022-03-15T08:07:40+00:00","description":"Contactez Rivulis avec vos besoins pour une solution compl\u00e8te \"cl\u00e9 en main\". Un repr\u00e9sentant Rivulis prendra contact avec vous pour en discuter","breadcrumb":{"@id":"https:\/\/fr.rivulis.com\/turn-key\/contactez-nous\/#breadcrumb"},"inLanguage":"en-US","potentialAction":[{"@type":"ReadAction","target":["https:\/\/fr.rivulis.com\/turn-key\/contactez-nous\/"]}]},{"@type":"BreadcrumbList","@id":"https:\/\/fr.rivulis.com\/turn-key\/contactez-nous\/#breadcrumb","itemListElement":[{"@type":"ListItem","position":1,"name":"Home","item":"https:\/\/fr.rivulis.com\/turn-key\/"},{"@type":"ListItem","position":2,"name":"Contactez-nous"}]},{"@type":"WebSite","@id":"https:\/\/fr.rivulis.com\/turn-key\/#website","url":"https:\/\/fr.rivulis.com\/turn-key\/","name":"Rivulis Irrigation Systems","description":"The complete solution","publisher":{"@id":"https:\/\/fr.rivulis.com\/turn-key\/#organization"},"potentialAction":[{"@type":"SearchAction","target":{"@type":"EntryPoint","urlTemplate":"https:\/\/fr.rivulis.com\/turn-key\/?s={search_term_string}"},"query-input":{"@type":"PropertyValueSpecification","valueRequired":true,"valueName":"search_term_string"}}],"inLanguage":"en-US"},{"@type":"Organization","@id":"https:\/\/fr.rivulis.com\/turn-key\/#organization","name":"Rivulis Irrigation Systems","url":"https:\/\/fr.rivulis.com\/turn-key\/","logo":{"@type":"ImageObject","inLanguage":"en-US","@id":"https:\/\/fr.rivulis.com\/turn-key\/#\/schema\/logo\/image\/","url":"https:\/\/fr.rivulis.com\/turn-key\/\/wp-content\/uploads\/2022\/02\/logo.png","contentUrl":"https:\/\/fr.rivulis.com\/turn-key\/\/wp-content\/uploads\/2022\/02\/logo.png","width":220,"height":44,"caption":"Rivulis Irrigation Systems"},"image":{"@id":"https:\/\/fr.rivulis.com\/turn-key\/#\/schema\/logo\/image\/"},"sameAs":["https:\/\/www.facebook.com\/RivulisDripIrrigation","https:\/\/www.instagram.com\/rivulis.irrigation\/","https:\/\/www.linkedin.com\/company\/rivulis\/","https:\/\/www.youtube.com\/channel\/UCNbDMgwEdCkoxUucCW7P0GQ"]}]}},"_links":{"self":[{"href":"https:\/\/fr.rivulis.com\/turn-key\/wp-json\/wp\/v2\/pages\/73","targetHints":{"allow":["GET"]}}],"collection":[{"href":"https:\/\/fr.rivulis.com\/turn-key\/wp-json\/wp\/v2\/pages"}],"about":[{"href":"https:\/\/fr.rivulis.com\/turn-key\/wp-json\/wp\/v2\/types\/page"}],"author":[{"embeddable":true,"href":"https:\/\/fr.rivulis.com\/turn-key\/wp-json\/wp\/v2\/users\/1"}],"replies":[{"embeddable":true,"href":"https:\/\/fr.rivulis.com\/turn-key\/wp-json\/wp\/v2\/comments?post=73"}],"version-history":[{"count":14,"href":"https:\/\/fr.rivulis.com\/turn-key\/wp-json\/wp\/v2\/pages\/73\/revisions"}],"predecessor-version":[{"id":812,"href":"https:\/\/fr.rivulis.com\/turn-key\/wp-json\/wp\/v2\/pages\/73\/revisions\/812"}],"wp:attachment":[{"href":"https:\/\/fr.rivulis.com\/turn-key\/wp-json\/wp\/v2\/media?parent=73"}],"curies":[{"name":"wp","href":"https:\/\/api.w.org\/{rel}","templated":true}]}}